{"id":893,"date":"2023-04-01T00:21:52","date_gmt":"2023-04-01T00:21:52","guid":{"rendered":"http:\/\/ufadesign.com.br\/loja\/?post_type=product&#038;p=893"},"modified":"2023-07-30T01:06:58","modified_gmt":"2023-07-30T04:06:58","slug":"qr-code-vitalicio","status":"publish","type":"product","link":"https:\/\/ufadesign.com.br\/loja\/produto\/qr-code-vitalicio\/","title":{"rendered":"QR Code Vital\u00edcio"},"content":{"rendered":"","protected":false},"excerpt":{"rendered":"<p>Adquira agora QR codes vital\u00edcios e nunca mais se preocupe com a renova\u00e7\u00e3o de seus c\u00f3digos! Com nossos QR codes, voc\u00ea pode direcionar seus clientes para seu site, redes sociais, loja virtual e muito mais de forma r\u00e1pida e f\u00e1cil. Compre agora e aumente a visibilidade do seu neg\u00f3cio de maneira pr\u00e1tica e econ\u00f4mica!<br \/>\nCompre agora e receba em 24 horas!<\/p>\n","protected":false},"featured_media":894,"template":"","meta":{"jetpack_post_was_ever_published":false,"jetpack_publicize_message":"","jetpack_publicize_feature_enabled":true,"jetpack_social_post_already_shared":true,"jetpack_social_options":{"image_generator_settings":{"template":"highway","enabled":false}}},"product_cat":[15,24,38,37],"product_tag":[110],"class_list":{"0":"post-893","1":"product","2":"type-product","3":"status-publish","4":"has-post-thumbnail","6":"product_cat-identidade-visual","7":"product_cat-mkt-digital","8":"product_cat-sites-lojas-e-blogs","9":"product_cat-todos","10":"product_tag-qr-code","12":"first","13":"instock","14":"virtual","15":"purchasable","16":"product-type-simple"},"jetpack_publicize_connections":[],"jetpack_sharing_enabled":true,"_links":{"self":[{"href":"https:\/\/ufadesign.com.br\/loja\/wp-json\/wp\/v2\/product\/893"}],"collection":[{"href":"https:\/\/ufadesign.com.br\/loja\/wp-json\/wp\/v2\/product"}],"about":[{"href":"https:\/\/ufadesign.com.br\/loja\/wp-json\/wp\/v2\/types\/product"}],"wp:featuredmedia":[{"embeddable":true,"href":"https:\/\/ufadesign.com.br\/loja\/wp-json\/wp\/v2\/media\/894"}],"wp:attachment":[{"href":"https:\/\/ufadesign.com.br\/loja\/wp-json\/wp\/v2\/media?parent=893"}],"wp:term":[{"taxonomy":"product_cat","embeddable":true,"href":"https:\/\/ufadesign.com.br\/loja\/wp-json\/wp\/v2\/product_cat?post=893"},{"taxonomy":"product_tag","embeddable":true,"href":"https:\/\/ufadesign.com.br\/loja\/wp-json\/wp\/v2\/product_tag?post=893"}],"curies":[{"name":"wp","href":"https:\/\/api.w.org\/{rel}","templated":true}]}}