{"id":294,"date":"2018-02-17T06:42:29","date_gmt":"2018-02-17T06:42:29","guid":{"rendered":"http:\/\/ufadesign.com.br\/loja\/?post_type=product&#038;p=294"},"modified":"2023-07-30T01:34:19","modified_gmt":"2023-07-30T04:34:19","slug":"flyer-frente-e-verso","status":"publish","type":"product","link":"https:\/\/ufadesign.com.br\/loja\/produto\/flyer-frente-e-verso\/","title":{"rendered":"Flyer &#8211; frente e verso"},"content":{"rendered":"","protected":false},"excerpt":{"rendered":"<p>Arte exclusiva e\u00a0personalizada de Flyer para a divulga\u00e7\u00e3o da sua marca, produtos e promo\u00e7\u00f5es, eventos ou comunicados.<\/p>\n<p>Flyer Frente e Verso.<\/p>\n<p><strong>Importante:<\/strong>\u00a0Ap\u00f3s a compra entraremos em contato para colher informa\u00e7\u00f5es sobre o projeto.<\/p>\n<p><strong>Prazo de entrega da arte:<\/strong>\u00a05 dias \u00fateis ap\u00f3s a confirma\u00e7\u00e3o da compra.<br \/>\n<strong>Voc\u00ea ir\u00e1 receber:<\/strong>\u00a0Arte Digital finalizada em PDF e pronta para ser impressa na gr\u00e1fica (j\u00e1 com sangria e marcas de corte)<\/p>\n","protected":false},"featured_media":384,"template":"","meta":{"jetpack_post_was_ever_published":false,"jetpack_publicize_message":"","jetpack_publicize_feature_enabled":true,"jetpack_social_post_already_shared":false,"jetpack_social_options":{"image_generator_settings":{"template":"highway","enabled":false}}},"product_cat":[15,37],"product_tag":[],"class_list":{"0":"post-294","1":"product","2":"type-product","3":"status-publish","4":"has-post-thumbnail","6":"product_cat-identidade-visual","7":"product_cat-todos","9":"first","10":"instock","11":"virtual","12":"purchasable","13":"product-type-simple"},"jetpack_publicize_connections":[],"jetpack_sharing_enabled":true,"_links":{"self":[{"href":"https:\/\/ufadesign.com.br\/loja\/wp-json\/wp\/v2\/product\/294"}],"collection":[{"href":"https:\/\/ufadesign.com.br\/loja\/wp-json\/wp\/v2\/product"}],"about":[{"href":"https:\/\/ufadesign.com.br\/loja\/wp-json\/wp\/v2\/types\/product"}],"wp:featuredmedia":[{"embeddable":true,"href":"https:\/\/ufadesign.com.br\/loja\/wp-json\/wp\/v2\/media\/384"}],"wp:attachment":[{"href":"https:\/\/ufadesign.com.br\/loja\/wp-json\/wp\/v2\/media?parent=294"}],"wp:term":[{"taxonomy":"product_cat","embeddable":true,"href":"https:\/\/ufadesign.com.br\/loja\/wp-json\/wp\/v2\/product_cat?post=294"},{"taxonomy":"product_tag","embeddable":true,"href":"https:\/\/ufadesign.com.br\/loja\/wp-json\/wp\/v2\/product_tag?post=294"}],"curies":[{"name":"wp","href":"https:\/\/api.w.org\/{rel}","templated":true}]}}