{"id":292,"date":"2018-02-17T06:43:17","date_gmt":"2018-02-17T09:43:17","guid":{"rendered":"http:\/\/ufadesign.com.br\/loja\/?post_type=product&#038;p=292"},"modified":"2024-03-07T01:37:50","modified_gmt":"2024-03-07T04:37:50","slug":"site-institucional-profissional","status":"publish","type":"product","link":"https:\/\/ufadesign.com.br\/loja\/produto\/site-institucional-profissional\/","title":{"rendered":"Site Institucional Profissional"},"content":{"rendered":"","protected":false},"excerpt":{"rendered":"<h4><span style=\"font-family: 'Roboto Condensed', sans-serif; color: #111111;\">em at\u00e9\u00a03x R$ 534,00 ou R$ 1.480,00 \u00e0 vista (via transfer\u00eancia banc\u00e1ria ou PIX)<\/span><\/h4>\n<p>Site Profissional Institucional personalizado, respeitando a identidade visual da sua marca e caracter\u00edsticas do seu neg\u00f3cio.<\/p>\n<p><strong>M\u00f3dulos\/ Elementos\/ Se\u00e7\u00f5es dispon\u00edveis:<\/strong> Banner fixo ou em Slides,\u00a0Se\u00e7\u00e3o Sobre, Se\u00e7\u00e3o de Produtos ou Servi\u00e7os, Portf\u00f3lio, Clientes, Equipe, Tabela de Pre\u00e7os, Formul\u00e1rio de Contato, P\u00e1gina de Blog, Call to Action, Google Maps, entre outros.<\/p>\n<ul>\n<li>Layout\u00a0100% responsivo (que se adequa \u00e0s telas dos dispositivos m\u00f3veis);<\/li>\n<li>Design\u00a0bonito e moderno;<\/li>\n<li>Bot\u00f5es para M\u00eddias Sociais;<\/li>\n<li>Gerenci\u00e1vel (voc\u00ea mesmo poder\u00e1 alterar as se\u00e7\u00f5es de texto e imagem);<\/li>\n<li>Op\u00e7\u00e3o de Blog;<\/li>\n<\/ul>\n<p><strong>Prazo de entrega:<\/strong>\u00a030 dias \u00fateis ap\u00f3s a entrega do conte\u00fado de texto do site.<\/p>\n<p><strong>Importante: <\/strong>N\u00e3o est\u00e1 incluso, mas para manter seu site online voc\u00ea vai precisar de: <strong>1)<\/strong> Dom\u00ednio .com ou .com.br\u00a0 <strong>2)<\/strong> Hospedagem Linux<\/p>\n","protected":false},"featured_media":299,"template":"","meta":{"jetpack_post_was_ever_published":false,"jetpack_publicize_message":"","jetpack_publicize_feature_enabled":true,"jetpack_social_post_already_shared":false,"jetpack_social_options":{"image_generator_settings":{"template":"highway","enabled":false}}},"product_cat":[38,37],"product_tag":[],"class_list":{"0":"post-292","1":"product","2":"type-product","3":"status-publish","4":"has-post-thumbnail","6":"product_cat-sites-lojas-e-blogs","7":"product_cat-todos","9":"first","10":"instock","11":"virtual","12":"purchasable","13":"product-type-simple"},"jetpack_publicize_connections":[],"jetpack_sharing_enabled":true,"_links":{"self":[{"href":"https:\/\/ufadesign.com.br\/loja\/wp-json\/wp\/v2\/product\/292"}],"collection":[{"href":"https:\/\/ufadesign.com.br\/loja\/wp-json\/wp\/v2\/product"}],"about":[{"href":"https:\/\/ufadesign.com.br\/loja\/wp-json\/wp\/v2\/types\/product"}],"wp:featuredmedia":[{"embeddable":true,"href":"https:\/\/ufadesign.com.br\/loja\/wp-json\/wp\/v2\/media\/299"}],"wp:attachment":[{"href":"https:\/\/ufadesign.com.br\/loja\/wp-json\/wp\/v2\/media?parent=292"}],"wp:term":[{"taxonomy":"product_cat","embeddable":true,"href":"https:\/\/ufadesign.com.br\/loja\/wp-json\/wp\/v2\/product_cat?post=292"},{"taxonomy":"product_tag","embeddable":true,"href":"https:\/\/ufadesign.com.br\/loja\/wp-json\/wp\/v2\/product_tag?post=292"}],"curies":[{"name":"wp","href":"https:\/\/api.w.org\/{rel}","templated":true}]}}