{"id":285,"date":"2018-02-17T04:34:34","date_gmt":"2018-02-17T04:34:34","guid":{"rendered":"http:\/\/ufadesign.com.br\/loja\/?post_type=product&#038;p=285"},"modified":"2024-03-07T01:20:36","modified_gmt":"2024-03-07T04:20:36","slug":"cartao-de-visita-personalizado","status":"publish","type":"product","link":"https:\/\/ufadesign.com.br\/loja\/produto\/cartao-de-visita-personalizado\/","title":{"rendered":"Cart\u00e3o de Visita &#8211; Personalizado"},"content":{"rendered":"","protected":false},"excerpt":{"rendered":"<p>Comprando o Cart\u00e3o de Visita Personalizado voc\u00ea receber\u00e1 uma arte exclusiva e totalmente adaptada \u00e0 imagem do seu neg\u00f3cio e \u00e0s suas prefer\u00eancias de layout.\u00a0Pode ser frente e verso ou apenas frente. Pode conter acabamentos especial como verniz localizado, faca especial, cantos arredondados, lamina\u00e7\u00e3o, etc.<\/p>\n<p><strong>Prazo de entrega da arte:<\/strong>\u00a05 dias \u00fateis ap\u00f3s a confirma\u00e7\u00e3o da compra.<br \/>\n<strong>Voc\u00ea ir\u00e1 receber:<\/strong>\u00a0Arte Digital finalizada em PDF e pronta para ser impressa na gr\u00e1fica (j\u00e1 com sangria, marcas de corte e acabamentos especiais &#8211; caso existam)<\/p>\n","protected":false},"featured_media":288,"template":"","meta":{"jetpack_post_was_ever_published":false,"jetpack_publicize_message":"","jetpack_publicize_feature_enabled":true,"jetpack_social_post_already_shared":false,"jetpack_social_options":{"image_generator_settings":{"template":"highway","enabled":false}}},"product_cat":[15,37],"product_tag":[16],"class_list":{"0":"post-285","1":"product","2":"type-product","3":"status-publish","4":"has-post-thumbnail","6":"product_cat-identidade-visual","7":"product_cat-todos","8":"product_tag-cartao-de-visita","10":"first","11":"instock","12":"virtual","13":"purchasable","14":"product-type-simple"},"jetpack_publicize_connections":[],"jetpack_sharing_enabled":true,"_links":{"self":[{"href":"https:\/\/ufadesign.com.br\/loja\/wp-json\/wp\/v2\/product\/285"}],"collection":[{"href":"https:\/\/ufadesign.com.br\/loja\/wp-json\/wp\/v2\/product"}],"about":[{"href":"https:\/\/ufadesign.com.br\/loja\/wp-json\/wp\/v2\/types\/product"}],"wp:featuredmedia":[{"embeddable":true,"href":"https:\/\/ufadesign.com.br\/loja\/wp-json\/wp\/v2\/media\/288"}],"wp:attachment":[{"href":"https:\/\/ufadesign.com.br\/loja\/wp-json\/wp\/v2\/media?parent=285"}],"wp:term":[{"taxonomy":"product_cat","embeddable":true,"href":"https:\/\/ufadesign.com.br\/loja\/wp-json\/wp\/v2\/product_cat?post=285"},{"taxonomy":"product_tag","embeddable":true,"href":"https:\/\/ufadesign.com.br\/loja\/wp-json\/wp\/v2\/product_tag?post=285"}],"curies":[{"name":"wp","href":"https:\/\/api.w.org\/{rel}","templated":true}]}}