{"id":186,"date":"2017-11-09T08:17:01","date_gmt":"2017-11-09T08:17:01","guid":{"rendered":"http:\/\/ufadesign.com.br\/loja\/?post_type=product&#038;p=186"},"modified":"2024-03-07T01:38:58","modified_gmt":"2024-03-07T04:38:58","slug":"assinatura-de-e-mail","status":"publish","type":"product","link":"https:\/\/ufadesign.com.br\/loja\/produto\/assinatura-de-e-mail\/","title":{"rendered":"Assinatura de E-mail"},"content":{"rendered":"","protected":false},"excerpt":{"rendered":"<p>Assinatura de e-mail personalizada, entregue em\u00a0PNG e HTML com links clic\u00e1veis.<\/p>\n<p><strong>Prazo de entrega:<\/strong>\u00a05 dias \u00fateis ap\u00f3s a confirma\u00e7\u00e3o da compra.<\/p>\n<p><strong>Voc\u00ea ir\u00e1 receber:\u00a0<\/strong>Assinatura de E-mail em imagem (PNG sem intera\u00e7\u00e3o) + vers\u00e3o em html com links clic\u00e1veis + orienta\u00e7\u00e3o de texto sobre como instalar a assinatura em HTML no Outlook.<\/p>\n","protected":false},"featured_media":284,"template":"","meta":{"jetpack_post_was_ever_published":false,"jetpack_publicize_message":"","jetpack_publicize_feature_enabled":true,"jetpack_social_post_already_shared":false,"jetpack_social_options":{"image_generator_settings":{"template":"highway","enabled":false}}},"product_cat":[15,37],"product_tag":[34,35],"class_list":{"0":"post-186","1":"product","2":"type-product","3":"status-publish","4":"has-post-thumbnail","6":"product_cat-identidade-visual","7":"product_cat-todos","8":"product_tag-assinatura-de-email","9":"product_tag-html","11":"first","12":"instock","13":"virtual","14":"purchasable","15":"product-type-simple"},"jetpack_publicize_connections":[],"jetpack_sharing_enabled":true,"_links":{"self":[{"href":"https:\/\/ufadesign.com.br\/loja\/wp-json\/wp\/v2\/product\/186"}],"collection":[{"href":"https:\/\/ufadesign.com.br\/loja\/wp-json\/wp\/v2\/product"}],"about":[{"href":"https:\/\/ufadesign.com.br\/loja\/wp-json\/wp\/v2\/types\/product"}],"wp:featuredmedia":[{"embeddable":true,"href":"https:\/\/ufadesign.com.br\/loja\/wp-json\/wp\/v2\/media\/284"}],"wp:attachment":[{"href":"https:\/\/ufadesign.com.br\/loja\/wp-json\/wp\/v2\/media?parent=186"}],"wp:term":[{"taxonomy":"product_cat","embeddable":true,"href":"https:\/\/ufadesign.com.br\/loja\/wp-json\/wp\/v2\/product_cat?post=186"},{"taxonomy":"product_tag","embeddable":true,"href":"https:\/\/ufadesign.com.br\/loja\/wp-json\/wp\/v2\/product_tag?post=186"}],"curies":[{"name":"wp","href":"https:\/\/api.w.org\/{rel}","templated":true}]}}