{"id":183,"date":"2017-11-09T07:15:48","date_gmt":"2017-11-09T07:15:48","guid":{"rendered":"http:\/\/ufadesign.com.br\/loja\/?post_type=product&#038;p=183"},"modified":"2018-06-09T01:22:10","modified_gmt":"2018-06-09T01:22:10","slug":"cartao-de-visita-color","status":"publish","type":"product","link":"http:\/\/ufadesign.com.br\/loja\/produto\/cartao-de-visita-color\/","title":{"rendered":"Cart\u00e3o de Visita &#8211; Modelo Color"},"content":{"rendered":"<p>&nbsp;<\/p>\n<p>&nbsp;<\/p>\n","protected":false},"excerpt":{"rendered":"<p>Comprando o Cart\u00e3o de Visita &#8211; Modelo Color, voc\u00ea receber\u00e1 uma arte com o layout igual ao apresentado nas fotos, por\u00e9m, personalizado com a cor de sua prefer\u00eancia, seu conte\u00fado de texto e seu logotipo.<\/p>\n<p>A disposi\u00e7\u00e3o dos elementos permanecer\u00e1 conforme as imagens.<\/p>\n<p><strong>Prazo de entrega da arte:<\/strong>\u00a02 dias \u00fateis ap\u00f3s a confirma\u00e7\u00e3o da compra.<br \/>\n<strong>Voc\u00ea ir\u00e1 receber:<\/strong>\u00a0Arte Digital finalizada em PDF e pronta para ser\u00a0impressa na gr\u00e1fica (j\u00e1 com sangria e marcas de corte).<\/p>\n","protected":false},"featured_media":277,"template":"","meta":{"jetpack_post_was_ever_published":false,"jetpack_publicize_message":"","jetpack_publicize_feature_enabled":true,"jetpack_social_post_already_shared":false,"jetpack_social_options":{"image_generator_settings":{"template":"highway","enabled":false}}},"product_cat":[15,37],"product_tag":[16],"class_list":{"0":"post-183","1":"product","2":"type-product","3":"status-publish","4":"has-post-thumbnail","6":"product_cat-identidade-visual","7":"product_cat-todos","8":"product_tag-cartao-de-visita","10":"first","11":"instock","12":"virtual","13":"purchasable","14":"product-type-simple"},"jetpack_publicize_connections":[],"jetpack_sharing_enabled":true,"_links":{"self":[{"href":"http:\/\/ufadesign.com.br\/loja\/wp-json\/wp\/v2\/product\/183"}],"collection":[{"href":"http:\/\/ufadesign.com.br\/loja\/wp-json\/wp\/v2\/product"}],"about":[{"href":"http:\/\/ufadesign.com.br\/loja\/wp-json\/wp\/v2\/types\/product"}],"wp:featuredmedia":[{"embeddable":true,"href":"http:\/\/ufadesign.com.br\/loja\/wp-json\/wp\/v2\/media\/277"}],"wp:attachment":[{"href":"http:\/\/ufadesign.com.br\/loja\/wp-json\/wp\/v2\/media?parent=183"}],"wp:term":[{"taxonomy":"product_cat","embeddable":true,"href":"http:\/\/ufadesign.com.br\/loja\/wp-json\/wp\/v2\/product_cat?post=183"},{"taxonomy":"product_tag","embeddable":true,"href":"http:\/\/ufadesign.com.br\/loja\/wp-json\/wp\/v2\/product_tag?post=183"}],"curies":[{"name":"wp","href":"https:\/\/api.w.org\/{rel}","templated":true}]}}